{"id":697,"date":"2023-03-18T07:10:54","date_gmt":"2023-03-18T07:10:54","guid":{"rendered":"https:\/\/cozystay.loftocean.com\/island-resort\/?page_id=697"},"modified":"2026-04-15T16:18:35","modified_gmt":"2026-04-15T16:18:35","slug":"contacto","status":"publish","type":"page","link":"https:\/\/lahaciendadelcielo.com\/en\/contacto\/","title":{"rendered":"Contact"},"content":{"rendered":"<div data-elementor-type=\"wp-page\" data-elementor-id=\"697\" class=\"elementor elementor-697\">\n\t\t\t\t\t\t<section class=\"elementor-section elementor-top-section elementor-element elementor-element-ca1656d elementor-section-height-min-height cs-section-content-fullwidth cs-parallax-on-scroll cs_scroll_y_100 elementor-section-boxed elementor-section-height-default elementor-section-items-middle\" data-id=\"ca1656d\" data-element_type=\"section\" data-settings=\"{&quot;background_background&quot;:&quot;classic&quot;}\" data-cs-parallax-y=\"100\" style=\"background-image: none;\" data-cs-background-image=\"https:\/\/lahaciendadelcielo.com\/wp-content\/uploads\/2026\/04\/contact-head-scaled.jpg\" data-cs-background-image-alt-text=\"\">\n\t\t\t\t\t\t\t<div class=\"elementor-background-overlay\"><\/div>\n\t\t\t\t\t\t\t<div class=\"elementor-container elementor-column-gap-no\">\n\t\t\t\t\t<div class=\"elementor-column elementor-col-100 elementor-top-column elementor-element elementor-element-6b2c1df dark-color\" data-id=\"6b2c1df\" data-element_type=\"column\">\n\t\t\t<div class=\"elementor-widget-wrap elementor-element-populated\">\n\t\t\t\t\t\t<div class=\"elementor-element elementor-element-ed3f97e elementor-widget elementor-widget-cs_title\" data-id=\"ed3f97e\" data-element_type=\"widget\" data-widget_type=\"cs_title.default\">\n\t\t\t\t<div class=\"elementor-widget-container\">\n\t\t\t\t\t\n        <div class=\"cs-title-wrap text-center\">\t            <div class=\"cs-subtitle-wrap\"><span class=\"cs-subtitle color-white\">\u00bfNecesita informaci\u00f3n?<\/span><\/div>\t            <h1 class=\"cs-title\">\n\t                Get in touch with us\t            <\/h1>\t            <div class=\"cs-title-text\">\n\t                <p>Para reservas y consultas, ll\u00e1menos o escr\u00edbanos.<\/p>\t            <\/div>        <\/div>\t\t\t\t<\/div>\n\t\t\t\t<\/div>\n\t\t\t\t\t<\/div>\n\t\t<\/div>\n\t\t\t\t\t<\/div>\n\t\t<\/section>\n\t\t\t\t<section class=\"elementor-section elementor-top-section elementor-element elementor-element-ac9ba41 elementor-section-full_width elementor-section-content-middle elementor-section-height-default elementor-section-height-default\" data-id=\"ac9ba41\" data-element_type=\"section\">\n\t\t\t\t\t\t<div class=\"elementor-container elementor-column-gap-no\">\n\t\t\t\t\t<div class=\"elementor-column elementor-col-50 elementor-top-column elementor-element elementor-element-a9f3bc2\" data-id=\"a9f3bc2\" data-element_type=\"column\">\n\t\t\t<div class=\"elementor-widget-wrap elementor-element-populated\">\n\t\t\t\t\t\t<div class=\"elementor-element elementor-element-d6a0979 elementor-widget elementor-widget-cs_title\" data-id=\"d6a0979\" data-element_type=\"widget\" data-widget_type=\"cs_title.default\">\n\t\t\t\t<div class=\"elementor-widget-container\">\n\t\t\t\t\t\n        <div class=\"cs-title-wrap\">\t            <div class=\"cs-subtitle-wrap\"><span class=\"cs-subtitle\">Informaci\u00f3n de contacto<\/span><\/div>\t            <h5 class=\"cs-title\">\n\t                La Hacienda del Cielo\t            <\/h5>\t            <div class=\"cs-title-text\">\n\t                French Cay, in front of the community park, Roat\u00e1n, Bay islands, Honduras.\n<br>\n<strong>Phone number:<\/strong> <a href=\"tel:+50488009594\">+504 8800-9594<\/a>\n<br>\n<strong>Email:<\/strong> <a href=\"mailto:info@lahaciendadelcielo.com\">info@lahaciendadelcielo.com<\/a>\t            <\/div>        <\/div>\t\t\t\t<\/div>\n\t\t\t\t<\/div>\n\t\t\t\t<div class=\"elementor-element elementor-element-27ae3a6 elementor-widget-divider--view-line elementor-widget elementor-widget-divider\" data-id=\"27ae3a6\" data-element_type=\"widget\" data-widget_type=\"divider.default\">\n\t\t\t\t\t\t\t<div class=\"elementor-divider\">\n\t\t\t<span class=\"elementor-divider-separator\">\n\t\t\t\t\t\t<\/span>\n\t\t<\/div>\n\t\t\t\t\t\t<\/div>\n\t\t\t\t<section class=\"elementor-section elementor-inner-section elementor-element elementor-element-06aaef6 elementor-section-boxed elementor-section-height-default elementor-section-height-default\" data-id=\"06aaef6\" data-element_type=\"section\">\n\t\t\t\t\t\t<div class=\"elementor-container elementor-column-gap-no\">\n\t\t\t\t\t<div class=\"elementor-column elementor-col-50 elementor-inner-column elementor-element elementor-element-c6d447a\" data-id=\"c6d447a\" data-element_type=\"column\">\n\t\t\t<div class=\"elementor-widget-wrap elementor-element-populated\">\n\t\t\t\t\t\t<div class=\"elementor-element elementor-element-a679ad2 elementor-widget elementor-widget-cs_title\" data-id=\"a679ad2\" data-element_type=\"widget\" data-widget_type=\"cs_title.default\">\n\t\t\t\t<div class=\"elementor-widget-container\">\n\t\t\t\t\t\n        <div class=\"cs-title-wrap\">\t            <h6 class=\"cs-title\">\n\t                Accommodation\t            <\/h6>\t            <div class=\"cs-title-text\">\n\t                <p>Inquiries and reservations<br \/>Phone: +504 8800-9594<br \/>Email: info@lahaciendadelcielo.com<\/p>\t            <\/div>        <\/div>\t\t\t\t<\/div>\n\t\t\t\t<\/div>\n\t\t\t\t\t<\/div>\n\t\t<\/div>\n\t\t\t\t<div class=\"elementor-column elementor-col-50 elementor-inner-column elementor-element elementor-element-2c337b6\" data-id=\"2c337b6\" data-element_type=\"column\">\n\t\t\t<div class=\"elementor-widget-wrap elementor-element-populated\">\n\t\t\t\t\t\t<div class=\"elementor-element elementor-element-4703206 elementor-widget elementor-widget-cs_title\" data-id=\"4703206\" data-element_type=\"widget\" data-widget_type=\"cs_title.default\">\n\t\t\t\t<div class=\"elementor-widget-container\">\n\t\t\t\t\t\n        <div class=\"cs-title-wrap\">\t            <h6 class=\"cs-title\">\n\t                Restaurants\t            <\/h6>\t            <div class=\"cs-title-text\">\n\t                <p>Inquiries and reservations<br \/>Phone: +504 8800-9594<br \/>Email: info@lahaciendadelcielo.com<\/p>\t            <\/div>        <\/div>\t\t\t\t<\/div>\n\t\t\t\t<\/div>\n\t\t\t\t\t<\/div>\n\t\t<\/div>\n\t\t\t\t\t<\/div>\n\t\t<\/section>\n\t\t\t\t<section class=\"elementor-section elementor-inner-section elementor-element elementor-element-7254430 elementor-section-boxed elementor-section-height-default elementor-section-height-default\" data-id=\"7254430\" data-element_type=\"section\">\n\t\t\t\t\t\t<div class=\"elementor-container elementor-column-gap-no\">\n\t\t\t\t\t<div class=\"elementor-column elementor-col-100 elementor-inner-column elementor-element elementor-element-70f7f50\" data-id=\"70f7f50\" data-element_type=\"column\">\n\t\t\t<div class=\"elementor-widget-wrap elementor-element-populated\">\n\t\t\t\t\t\t<div class=\"elementor-element elementor-element-3c447c7 elementor-widget elementor-widget-cs_title\" data-id=\"3c447c7\" data-element_type=\"widget\" data-widget_type=\"cs_title.default\">\n\t\t\t\t<div class=\"elementor-widget-container\">\n\t\t\t\t\t\n        <div class=\"cs-title-wrap\">\t            <h6 class=\"cs-title\">\n\t                Business hours\t            <\/h6>\t            <div class=\"cs-title-text\">\n\t                <ul><li>Lunes a jueves: 8:00 a.m. \u2013 3:00 p.m.<\/li><li>Friday to Sunday: 10:00 a.m. \u2013 5:00 p.m.<\/li><\/ul>\t            <\/div>        <\/div>\t\t\t\t<\/div>\n\t\t\t\t<\/div>\n\t\t\t\t\t<\/div>\n\t\t<\/div>\n\t\t\t\t\t<\/div>\n\t\t<\/section>\n\t\t\t\t\t<\/div>\n\t\t<\/div>\n\t\t\t\t<div class=\"elementor-column elementor-col-50 elementor-top-column elementor-element elementor-element-a630739\" data-id=\"a630739\" data-element_type=\"column\" data-settings=\"{&quot;background_background&quot;:&quot;classic&quot;}\">\n\t\t\t<div class=\"elementor-widget-wrap elementor-element-populated\">\n\t\t\t\t\t\t<section class=\"elementor-section elementor-inner-section elementor-element elementor-element-1165b93 elementor-section-boxed elementor-section-height-default elementor-section-height-default\" data-id=\"1165b93\" data-element_type=\"section\" data-settings=\"{&quot;background_background&quot;:&quot;classic&quot;}\">\n\t\t\t\t\t\t<div class=\"elementor-container elementor-column-gap-no\">\n\t\t\t\t\t<div class=\"elementor-column elementor-col-100 elementor-inner-column elementor-element elementor-element-c8421f3\" data-id=\"c8421f3\" data-element_type=\"column\">\n\t\t\t<div class=\"elementor-widget-wrap elementor-element-populated\">\n\t\t\t\t\t\t<div class=\"elementor-element elementor-element-ee636a2 elementor-widget elementor-widget-cs_title\" data-id=\"ee636a2\" data-element_type=\"widget\" data-widget_type=\"cs_title.default\">\n\t\t\t\t<div class=\"elementor-widget-container\">\n\t\t\t\t\t\n        <div class=\"cs-title-wrap text-center\">\t            <div class=\"cs-subtitle-wrap\"><span class=\"cs-subtitle\">Formulario de Contacto<\/span><\/div>\t            <h5 class=\"cs-title\">\n\t                Let's start a conversation\t            <\/h5>        <\/div>\t\t\t\t<\/div>\n\t\t\t\t<\/div>\n\t\t\t\t<div class=\"elementor-element elementor-element-d1eca60 elementor-widget elementor-widget-cs_form_cf7\" data-id=\"d1eca60\" data-element_type=\"widget\" data-widget_type=\"cs_form_cf7.default\">\n\t\t\t\t<div class=\"elementor-widget-container\">\n\t\t\t\t\t            <div class=\"cs-form-cf7 placeholder-normal\">\n                <div class=\"cs-form-cf7-wrap\">\n<div class=\"wpcf7 no-js\" id=\"wpcf7-f8-o1\" lang=\"en\" dir=\"ltr\" data-wpcf7-id=\"8\">\n<div class=\"screen-reader-response\"><p role=\"status\" aria-live=\"polite\" aria-atomic=\"true\"><\/p> <ul><\/ul><\/div>\n<form action=\"\/en\/wp-json\/wp\/v2\/pages\/697#wpcf7-f8-o1\" method=\"post\" class=\"wpcf7-form init\" aria-label=\"Contact form\" novalidate=\"novalidate\" data-status=\"init\" data-trp-original-action=\"\/en\/wp-json\/wp\/v2\/pages\/697#wpcf7-f8-o1\">\n<fieldset class=\"hidden-fields-container\"><input type=\"hidden\" name=\"_wpcf7\" value=\"8\" \/><input type=\"hidden\" name=\"_wpcf7_version\" value=\"6.1.5\" \/><input type=\"hidden\" name=\"_wpcf7_locale\" value=\"en\" \/><input type=\"hidden\" name=\"_wpcf7_unit_tag\" value=\"wpcf7-f8-o1\" \/><input type=\"hidden\" name=\"_wpcf7_container_post\" value=\"0\" \/><input type=\"hidden\" name=\"_wpcf7_posted_data_hash\" value=\"\" \/>\n<\/fieldset>\n<p><label> Your name<br \/>\n<span class=\"wpcf7-form-control-wrap\" data-name=\"your-name\"><input size=\"40\" maxlength=\"400\" class=\"wpcf7-form-control wpcf7-text wpcf7-validates-as-required\" autocomplete=\"name\" aria-required=\"true\" aria-invalid=\"false\" value=\"\" type=\"text\" name=\"your-name\" \/><\/span> <\/label>\n<\/p>\n<p><label> Your email<br \/>\n<span class=\"wpcf7-form-control-wrap\" data-name=\"your-email\"><input size=\"40\" maxlength=\"400\" class=\"wpcf7-form-control wpcf7-email wpcf7-validates-as-required wpcf7-text wpcf7-validates-as-email\" autocomplete=\"email\" aria-required=\"true\" aria-invalid=\"false\" value=\"\" type=\"email\" name=\"your-email\" \/><\/span> <\/label>\n<\/p>\n<p><label> Subject<br \/>\n<span class=\"wpcf7-form-control-wrap\" data-name=\"your-subject\"><input size=\"40\" maxlength=\"400\" class=\"wpcf7-form-control wpcf7-text wpcf7-validates-as-required\" aria-required=\"true\" aria-invalid=\"false\" value=\"\" type=\"text\" name=\"your-subject\" \/><\/span> <\/label>\n<\/p>\n<p><label> Your message (optional)<br \/>\n<span class=\"wpcf7-form-control-wrap\" data-name=\"your-message\"><textarea cols=\"40\" rows=\"10\" maxlength=\"2000\" class=\"wpcf7-form-control wpcf7-textarea\" aria-invalid=\"false\" name=\"your-message\"><\/textarea><\/span> <\/label>\n<\/p>\n<div class=\"g-recaptcha-wrap\" style=\"padding:10px 0 10px 0\">\n\t<div  class=\"g-recaptcha\" data-sitekey=\"6Ldq6IIrAAAAAMd95CwUTC9n33c3h_4tIyoOU1Wm\">\n\t<\/div>\n<\/div>\n<p><span class='wpcf7-form-control-wrap' data-name='aiowps-captcha'><\/span><input class=\"wpcf7-form-control wpcf7-submit has-spinner\" type=\"submit\" value=\"Send\" \/>\n<\/p><div class=\"wpcf7-response-output\" aria-hidden=\"true\"><\/div>\n<input type=\"hidden\" name=\"trp-form-language\" value=\"en\"\/><\/form>\n<\/div>\n<\/div>\n            <\/div>\t\t\t\t<\/div>\n\t\t\t\t<\/div>\n\t\t\t\t\t<\/div>\n\t\t<\/div>\n\t\t\t\t\t<\/div>\n\t\t<\/section>\n\t\t\t\t\t<\/div>\n\t\t<\/div>\n\t\t\t\t\t<\/div>\n\t\t<\/section>\n\t\t\t\t<\/div>","protected":false},"excerpt":{"rendered":"<p>\u00bfNecesita informaci\u00f3n? Contacte con nosotros Para reservas y consultas, ll\u00e1menos o escr\u00edbanos. Informaci\u00f3n de contacto La Hacienda del Cielo French Cay, frente al parque comunitario, Roat\u00e1n, Islas de la Bah\u00eda, Honduras N\u00famero de tel\u00e9fono: +504 8800-9594 Correo electr\u00f3nico: info@lahaciendadelcielo.com Alojamiento Consultas y reservasTel\u00e9fono: +504 8800-9594Correo: info@lahaciendadelcielo.com Restaurantes Consultas y reservasTel\u00e9fono: +504 8800-9594Correo: info@lahaciendadelcielo.com Horarios de &#8230;<\/p>","protected":false},"author":1,"featured_media":0,"parent":0,"menu_order":0,"comment_status":"closed","ping_status":"closed","template":"template-wide-content.php","meta":{"cozystay_single_page_hide_site_header":"","cozystay_single_page_site_header_source":"","cozystay_single_page_custom_site_header":"0","cozystay_single_page_custom_sticky_site_header":"0","cozystay_single_page_hide_page_title":"on","cozystay_single_page_header_section_size":"","cozystay_single_page_header_background_color":"","cozystay_single_page_header_background_position_x":"center","cozystay_single_page_header_background_position_y":"center","cozystay_single_page_header_background_size":"cover","cozystay_single_page_header_background_repeat":"off","cozystay_single_page_header_background_scroll":"on","cozystay_single_page_header_text_color":"","cozystay_single_page_header_show_breadcrumb":"","cozystay_single_page_site_footer_hide_main":"","cozystay_single_custom_site_footer_main_source":"","cozystay_single_custom_site_footer_main":"0","cozystay_single_page_site_footer_hide_above":"","cozystay_single_custom_site_footer_above_source":"","cozystay_single_custom_site_footer_above":"0","cozystay_single_page_site_footer_hide_instagram":"","cozystay_single_page_site_footer_hide_bottom":"","cozystay_single_custom_mobile_menu_source":"","cozystay_single_custom_mobile_menu":"0","cozystay_single_custom_mobile_menu_animation":"","cozystay_single_custom_mobile_menu_width":"","cozystay_single_custom_mobile_menu_custom_width":375,"_joinchat":[],"footnotes":""},"class_list":["post-697","page","type-page","status-publish","hentry"],"yoast_head":"<!-- This site is optimized with the Yoast SEO plugin v27.4 - https:\/\/yoast.com\/product\/yoast-seo-wordpress\/ -->\n<title>Contacto - La Hacienda del Cielo<\/title>\n<meta name=\"robots\" content=\"index, follow, max-snippet:-1, max-image-preview:large, max-video-preview:-1\" \/>\n<link rel=\"canonical\" href=\"https:\/\/lahaciendadelcielo.com\/en\/contacto\/\" \/>\n<meta property=\"og:locale\" content=\"en_US\" \/>\n<meta property=\"og:type\" content=\"article\" \/>\n<meta property=\"og:title\" content=\"Contacto - La Hacienda del Cielo\" \/>\n<meta property=\"og:description\" content=\"\u00bfNecesita informaci\u00f3n? Contacte con nosotros Para reservas y consultas, ll\u00e1menos o escr\u00edbanos. Informaci\u00f3n de contacto La Hacienda del Cielo French Cay, frente al parque comunitario, Roat\u00e1n, Islas de la Bah\u00eda, Honduras N\u00famero de tel\u00e9fono: +504 8800-9594 Correo electr\u00f3nico: info@lahaciendadelcielo.com Alojamiento Consultas y reservasTel\u00e9fono: +504 8800-9594Correo: info@lahaciendadelcielo.com Restaurantes Consultas y reservasTel\u00e9fono: +504 8800-9594Correo: info@lahaciendadelcielo.com Horarios de ...\" \/>\n<meta property=\"og:url\" content=\"https:\/\/lahaciendadelcielo.com\/en\/contacto\/\" \/>\n<meta property=\"og:site_name\" content=\"La Hacienda del Cielo\" \/>\n<meta property=\"article:modified_time\" content=\"2026-04-15T16:18:35+00:00\" \/>\n<meta name=\"twitter:card\" content=\"summary_large_image\" \/>\n<meta name=\"twitter:label1\" content=\"Est. reading time\" \/>\n\t<meta name=\"twitter:data1\" content=\"1 minute\" \/>\n<script type=\"application\/ld+json\" class=\"yoast-schema-graph\">{\"@context\":\"https:\\\/\\\/schema.org\",\"@graph\":[{\"@type\":\"WebPage\",\"@id\":\"https:\\\/\\\/lahaciendadelcielo.com\\\/contacto\\\/\",\"url\":\"https:\\\/\\\/lahaciendadelcielo.com\\\/contacto\\\/\",\"name\":\"Contacto - La Hacienda del Cielo\",\"isPartOf\":{\"@id\":\"https:\\\/\\\/lahaciendadelcielo.com\\\/#website\"},\"datePublished\":\"2023-03-18T07:10:54+00:00\",\"dateModified\":\"2026-04-15T16:18:35+00:00\",\"breadcrumb\":{\"@id\":\"https:\\\/\\\/lahaciendadelcielo.com\\\/contacto\\\/#breadcrumb\"},\"inLanguage\":\"en-US\",\"potentialAction\":[{\"@type\":\"ReadAction\",\"target\":[\"https:\\\/\\\/lahaciendadelcielo.com\\\/contacto\\\/\"]}]},{\"@type\":\"BreadcrumbList\",\"@id\":\"https:\\\/\\\/lahaciendadelcielo.com\\\/contacto\\\/#breadcrumb\",\"itemListElement\":[{\"@type\":\"ListItem\",\"position\":1,\"name\":\"Home\",\"item\":\"https:\\\/\\\/lahaciendadelcielo.com\\\/\"},{\"@type\":\"ListItem\",\"position\":2,\"name\":\"Contacto\"}]},{\"@type\":\"WebSite\",\"@id\":\"https:\\\/\\\/lahaciendadelcielo.com\\\/#website\",\"url\":\"https:\\\/\\\/lahaciendadelcielo.com\\\/\",\"name\":\"La Hacienda del Cielo\",\"description\":\"Un refugio &uacute;nico en el coraz&oacute;n de Roat&aacute;n\",\"publisher\":{\"@id\":\"https:\\\/\\\/lahaciendadelcielo.com\\\/#organization\"},\"potentialAction\":[{\"@type\":\"SearchAction\",\"target\":{\"@type\":\"EntryPoint\",\"urlTemplate\":\"https:\\\/\\\/lahaciendadelcielo.com\\\/?s={search_term_string}\"},\"query-input\":{\"@type\":\"PropertyValueSpecification\",\"valueRequired\":true,\"valueName\":\"search_term_string\"}}],\"inLanguage\":\"en-US\"},{\"@type\":\"Organization\",\"@id\":\"https:\\\/\\\/lahaciendadelcielo.com\\\/#organization\",\"name\":\"La Hacienda del Cielo\",\"url\":\"https:\\\/\\\/lahaciendadelcielo.com\\\/\",\"logo\":{\"@type\":\"ImageObject\",\"inLanguage\":\"en-US\",\"@id\":\"https:\\\/\\\/lahaciendadelcielo.com\\\/#\\\/schema\\\/logo\\\/image\\\/\",\"url\":\"https:\\\/\\\/lahaciendadelcielo.com\\\/wp-content\\\/uploads\\\/2025\\\/07\\\/logo-lahaciendadelcielo-white.png\",\"contentUrl\":\"https:\\\/\\\/lahaciendadelcielo.com\\\/wp-content\\\/uploads\\\/2025\\\/07\\\/logo-lahaciendadelcielo-white.png\",\"width\":400,\"height\":408,\"caption\":\"La Hacienda del Cielo\"},\"image\":{\"@id\":\"https:\\\/\\\/lahaciendadelcielo.com\\\/#\\\/schema\\\/logo\\\/image\\\/\"}}]}<\/script>\n<!-- \/ Yoast SEO plugin. -->","yoast_head_json":{"title":"Contacto - La Hacienda del Cielo","robots":{"index":"index","follow":"follow","max-snippet":"max-snippet:-1","max-image-preview":"max-image-preview:large","max-video-preview":"max-video-preview:-1"},"canonical":"https:\/\/lahaciendadelcielo.com\/en\/contacto\/","og_locale":"en_US","og_type":"article","og_title":"Contacto - La Hacienda del Cielo","og_description":"\u00bfNecesita informaci\u00f3n? Contacte con nosotros Para reservas y consultas, ll\u00e1menos o escr\u00edbanos. Informaci\u00f3n de contacto La Hacienda del Cielo French Cay, frente al parque comunitario, Roat\u00e1n, Islas de la Bah\u00eda, Honduras N\u00famero de tel\u00e9fono: +504 8800-9594 Correo electr\u00f3nico: info@lahaciendadelcielo.com Alojamiento Consultas y reservasTel\u00e9fono: +504 8800-9594Correo: info@lahaciendadelcielo.com Restaurantes Consultas y reservasTel\u00e9fono: +504 8800-9594Correo: info@lahaciendadelcielo.com Horarios de ...","og_url":"https:\/\/lahaciendadelcielo.com\/en\/contacto\/","og_site_name":"La Hacienda del Cielo","article_modified_time":"2026-04-15T16:18:35+00:00","twitter_card":"summary_large_image","twitter_misc":{"Est. reading time":"1 minute"},"schema":{"@context":"https:\/\/schema.org","@graph":[{"@type":"WebPage","@id":"https:\/\/lahaciendadelcielo.com\/contacto\/","url":"https:\/\/lahaciendadelcielo.com\/contacto\/","name":"Contacto - La Hacienda del Cielo","isPartOf":{"@id":"https:\/\/lahaciendadelcielo.com\/#website"},"datePublished":"2023-03-18T07:10:54+00:00","dateModified":"2026-04-15T16:18:35+00:00","breadcrumb":{"@id":"https:\/\/lahaciendadelcielo.com\/contacto\/#breadcrumb"},"inLanguage":"en-US","potentialAction":[{"@type":"ReadAction","target":["https:\/\/lahaciendadelcielo.com\/contacto\/"]}]},{"@type":"BreadcrumbList","@id":"https:\/\/lahaciendadelcielo.com\/contacto\/#breadcrumb","itemListElement":[{"@type":"ListItem","position":1,"name":"Home","item":"https:\/\/lahaciendadelcielo.com\/"},{"@type":"ListItem","position":2,"name":"Contacto"}]},{"@type":"WebSite","@id":"https:\/\/lahaciendadelcielo.com\/#website","url":"https:\/\/lahaciendadelcielo.com\/","name":"La Hacienda del Cielo","description":"Un refugio &uacute;nico en el coraz&oacute;n de Roat&aacute;n","publisher":{"@id":"https:\/\/lahaciendadelcielo.com\/#organization"},"potentialAction":[{"@type":"SearchAction","target":{"@type":"EntryPoint","urlTemplate":"https:\/\/lahaciendadelcielo.com\/?s={search_term_string}"},"query-input":{"@type":"PropertyValueSpecification","valueRequired":true,"valueName":"search_term_string"}}],"inLanguage":"en-US"},{"@type":"Organization","@id":"https:\/\/lahaciendadelcielo.com\/#organization","name":"La Hacienda del Cielo","url":"https:\/\/lahaciendadelcielo.com\/","logo":{"@type":"ImageObject","inLanguage":"en-US","@id":"https:\/\/lahaciendadelcielo.com\/#\/schema\/logo\/image\/","url":"https:\/\/lahaciendadelcielo.com\/wp-content\/uploads\/2025\/07\/logo-lahaciendadelcielo-white.png","contentUrl":"https:\/\/lahaciendadelcielo.com\/wp-content\/uploads\/2025\/07\/logo-lahaciendadelcielo-white.png","width":400,"height":408,"caption":"La Hacienda del Cielo"},"image":{"@id":"https:\/\/lahaciendadelcielo.com\/#\/schema\/logo\/image\/"}}]}},"_links":{"self":[{"href":"https:\/\/lahaciendadelcielo.com\/en\/wp-json\/wp\/v2\/pages\/697","targetHints":{"allow":["GET"]}}],"collection":[{"href":"https:\/\/lahaciendadelcielo.com\/en\/wp-json\/wp\/v2\/pages"}],"about":[{"href":"https:\/\/lahaciendadelcielo.com\/en\/wp-json\/wp\/v2\/types\/page"}],"author":[{"embeddable":true,"href":"https:\/\/lahaciendadelcielo.com\/en\/wp-json\/wp\/v2\/users\/1"}],"replies":[{"embeddable":true,"href":"https:\/\/lahaciendadelcielo.com\/en\/wp-json\/wp\/v2\/comments?post=697"}],"version-history":[{"count":25,"href":"https:\/\/lahaciendadelcielo.com\/en\/wp-json\/wp\/v2\/pages\/697\/revisions"}],"predecessor-version":[{"id":3444,"href":"https:\/\/lahaciendadelcielo.com\/en\/wp-json\/wp\/v2\/pages\/697\/revisions\/3444"}],"wp:attachment":[{"href":"https:\/\/lahaciendadelcielo.com\/en\/wp-json\/wp\/v2\/media?parent=697"}],"curies":[{"name":"wp","href":"https:\/\/api.w.org\/{rel}","templated":true}]}}